{"id":4719,"date":"2018-07-14T15:54:14","date_gmt":"2018-07-14T13:54:14","guid":{"rendered":"http:\/\/www.trispoat.com\/trihome\/?page_id=4719"},"modified":"2018-07-14T15:58:39","modified_gmt":"2018-07-14T13:58:39","slug":"datenschutzerklaerung","status":"publish","type":"page","link":"https:\/\/www.trispoat.com\/trihome\/datenschutzerklaerung\/","title":{"rendered":"DATENSCHUTZERKL\u00c4RUNG"},"content":{"rendered":"<h2>Welche personenbezogenen Daten wir sammeln und warum wir sie sammeln<\/h2>\n<h3>Kontaktformulare<\/h3>\n<p>Wenn du unserem Verein beitreten m\u00f6chtest, verwende bitte das <a href=\"https:\/\/www.trispoat.com\/trihome\/mitglied-werden\/\">entsprechende Formular<\/a>. Die Daten, die in diesem Formular erhoben werden, werden wir f\u00fcr unsere Mitgliederverwaltung speichern.<\/p>\n<p>Wenn du Kontakt zu uns aufnehmen m\u00f6chtest, wende dich bitte an die <a href=\"https:\/\/www.trispoat.com\/trihome\/impressum\/\">hier<\/a> angegebene E-Mail-Adresse. Bitte beachte jedoch, dass die Daten\u00fcbertragung im Internet Sicherheitsl\u00fccken aufweisen kann. Ein l\u00fcckenloser Schutz der Daten ist unter Umst\u00e4nden nicht gegeben.<\/p>\n<p>Wenn du per Formular auf der Website oder per E-Mail Kontakt mit uns aufnimmst, werden wir deinen angegebenen Namen und die E-Mail-Adresse verarbeiten.<\/p>\n<h3>Cookies<\/h3>\n<p>Falls du ein Konto hast und dich auf dieser Website anmeldest, werden wir ein tempor\u00e4res Cookie setzen, um festzustellen, ob dein Browser Cookies akzeptiert. Dieses Cookie enth\u00e4lt keine personenbezogenen Daten und wird verworfen, wenn du deinen Browser schlie\u00dft.<\/p>\n<p>Wenn du dich anmeldest, werden wir einige Cookies einrichten, um deine Anmeldeinformationen und Anzeigeoptionen zu speichern. Anmelde-Cookies verfallen nach zwei Tagen und Cookies f\u00fcr die Anzeigeoptionen nach einem Jahr. Falls du bei der Anmeldung \u201eAngemeldet bleiben\u201c ausw\u00e4hlst, wird deine Anmeldung zwei Wochen lang aufrechterhalten. Mit der Abmeldung aus deinem Konto werden die Anmelde-Cookies gel\u00f6scht.<\/p>\n<p>Du kannst die Speicherung der Cookies durch die entsprechenden Einstellungen in deinem Browser aber auch komplett unterbinden.<\/p>\n<h3>Google reCaptcha<\/h3>\n<p>Zum Schutz des Kontaktformulars verwenden wir den Dienst reCAPTCHA des Unternehmens Google Inc. (Google). Die Abfrage dient der Unterscheidung, ob die Eingabe durch einen Menschen oder missbr\u00e4uchlich durch automatisierte, maschinelle Verarbeitung erfolgt. Die Abfrage schlie\u00dft den Versand der IP-Adresse und ggf. weiterer von Google f\u00fcr den Dienst reCAPTCHA ben\u00f6tigter Daten an Google ein. Zu diesem Zweck wird deine Eingabe an Google \u00fcbermittelt und dort weiter verwendet. Durch die Nutzung von reCaptcha erkl\u00e4rst du dich damit einverstanden, dass die von dir geleistete Erkennung in die Digitalisierung alter Werke einflie\u00dft. Im Falle der Aktivierung der IP-Anonymisierung auf dieser Webseite wird deine IP-Adresse von Google jedoch innerhalb von Mitgliedstaaten der Europ\u00e4ischen Union oder in anderen Vertragsstaaten des Abkommens \u00fcber den Europ\u00e4ischen Wirtschaftsraum zuvor gek\u00fcrzt. Nur in Ausnahmef\u00e4llen wird die volle IP-Adresse an einen Server von Google in den USA \u00fcbertragen und dort gek\u00fcrzt. Im Auftrag des Betreibers dieser Website wird Google diese Informationen benutzen, um deine Nutzung dieses Dienstes auszuwerten. Die im Rahmen von reCaptcha von deinem Browser \u00fcbermittelte IP-Adresse wird nicht mit anderen Daten von Google zusammengef\u00fchrt. F\u00fcr diese Daten gelten die abweichenden Datenschutzbestimmungen des Unternehmens Google. Weitere Informationen zu den Datenschutzrichtlinien von Google findest du unter: <a href=\"https:\/\/www.google.com\/intl\/de\/policies\/privacy\/\">Googles Datenschutzerkl\u00e4rung<\/a>.<\/p>\n<h3>Social Media Links<\/h3>\n<p>Unsere Website enth\u00e4lt Links zu sozialen Netzwerken (z.B. Facebook und Instagram). Diese sozialen Netzwerke werden ausschlie\u00dflich von Dritten betrieben. Wenn du den Links folgst, werden ggf. Informationen an diese Dritten \u00fcbermittelt. Zweck und Umfang der Datenerhebung durch die sozialen Netzwerke sowie die dortige weitere Verarbeitung und Nutzung deiner Daten wie auch deine diesbez\u00fcglichen Rechte und Einstellungsm\u00f6glichkeiten zum Schutz deiner Privatsph\u00e4re entnimmst du bitte den jeweiligen Datenschutzhinweisen der Betreiber. Diese finden Sie f\u00fcr die genannten Anbieter \u00fcber die folgenden Links:<\/p>\n<p>Facebook Inc. \u2013 <a href=\"https:\/\/de-de.facebook.com\/policy.php\/\">Facebook Datenschutzrichtlinie<\/a><br \/>\nInstagram LLC \u2013 <a href=\"https:\/\/help.instagram.com\/155833707900388\">https:\/\/help.instagram.com\/155833707900388<\/a><\/p>\n<h3>Nutzung von Facebook<\/h3>\n<p>Auf unseren Seiten sind Plugins des sozialen Netzwerks Facebook integriert. Die Facebook-Plugins erkennst du an dem Facebook-Logo oder dem \u201eLike-Button\u201c (\u201eGef\u00e4llt mir\u201c) auf unserer Seite. Eine \u00dcbersicht \u00fcber die Facebook-Plugins findest du hier: https:\/\/developers.facebook.com\/docs\/plugins\/.<\/p>\n<p>Wenn du unsere Seite besuchst, wird \u00fcber das Plugin eine direkte Verbindung zwischen deinem Browser und dem Facebook-Server hergestellt. Facebook erh\u00e4lt dadurch die Information, dass du mit deiner IP-Adresse unsere Seite besucht haben. Wenn du den Facebook \u201eLike-Button\u201c anklicken w\u00e4hrend du in deinem Facebook-Account eingeloggt bist, k\u00f6nnen Sie die Inhalte unserer Seiten auf deinem Facebook-Profil verlinken. Dadurch kann Facebook den Besuch unserer Seiten deinem Benutzerkonto zuordnen. Wir weisen darauf hin, dass wir als Anbieter der Seiten keine Kenntnis vom Inhalt der \u00fcbermittelten Daten sowie deren Nutzung durch Facebook erhalten.<\/p>\n<p>Weitere Informationen hierzu findest du in der <a href=\"https:\/\/de-de.facebook.com\/policy.php\/\">Datenschutzerkl\u00e4rung<\/a> von Facebook. Wenn du nicht w\u00fcnscht, dass Facebook den Besuch unserer Seiten deinem Facebook- Nutzerkonto zuordnen kann, logge dich bitte aus deinem Facebook-Benutzerkonto aus.<\/p>\n<h3>Server-Log-Files<\/h3>\n<p>Aus technischen Gr\u00fcnden werden u.a. folgende Daten, die dein Internet-Browser an uns bzw. an unseren Webspace-Provider: webdex.at \u2013 \u00fcbermittelt, erfasst (sogenannte Serverlogfiles):<\/p>\n<ul>\n<li>Browsertyp\/ Browserversion<\/li>\n<li>verwendetes Betriebssystem<\/li>\n<li>Referrer URL<\/li>\n<li>Hostname des zugreifenden Rechners<\/li>\n<li>Uhrzeit der Serveranfrage<\/li>\n<\/ul>\n<p>Diese Daten sind nicht bestimmten Personen zuordenbar. Eine Zusammenf\u00fchrung dieser Daten mit anderen Datenquellen wird nicht vorgenommen. Wir behalten uns vor, diese Daten nachtr\u00e4glich zu pr\u00fcfen, wenn uns konkrete Anhaltspunkte f\u00fcr eine rechtswidrige Nutzung bekannt werden.<\/p>\n<h2>Wie lange wir deine Daten speichern<\/h2>\n<p>Wenn du ein Mitglied in unserem Verein bist, erh\u00e4ltst du auch ein Konto f\u00fcr diese Website. Nach Beendigung der Mitgliedschaft werden alle Daten &#8211; soweit kein R\u00fcckstand an Zahlungen (offener Mitgliedsbeitrag, Teilbetr\u00e4ge hiervon, sonstige berechtigte Forderungen des Vereins) \u00a0besteht und die Daten auch nicht zur Geltendmachung, Aus\u00fcbung oder Vermeidung von Rechtsanspr\u00fcchen des Vereins ben\u00f6tigt werden &#8211; nach Ablauf eines Jahres nach Austritt gel\u00f6scht. Diese Frist dient dem Vereinszweck und soll sicherstellen, dass die Abwicklung des Vertrages mit dem Mitglied und die damit zusammenh\u00e4ngenden Aufgaben gew\u00e4hrleistet ist. Im Falle des Bestehens offener Forderungen zum Zeitpunkt des Austritts beginnt der Fristablauf mit dem Zeitpunkt des Begleichens der offenen Zahlungen.\u00a0Daten\/Datens\u00e4tze, die zur Erf\u00fcllung der gesetzlichen Anforderungen (z.B. Buchf\u00fchrung) ben\u00f6tigt werden, bleiben f\u00fcr die in den Materiengesetzen normierte Aufbewahrungsdauer gespeichert und werden anschlie\u00dfend gel\u00f6scht.<\/p>\n<p>Wenn du per Formular auf der Website oder per E-Mail Kontakt mit uns aufnimmst, werden deine angegebenen Daten zwecks Bearbeitung der Anfrage und f\u00fcr den Fall von Anschlussfragen sechs Monate bei uns gespeichert. Diese Daten geben wir nicht ohne Ihre Einwilligung weiter.<\/p>\n<h2>Welche Rechte du an deinen Daten hast<\/h2>\n<p>Dir steht bez\u00fcglich deiner bei uns gespeicherten Daten grunds\u00e4tzlich die Rechte auf Auskunft, Berichtigung, L\u00f6schung, Einschr\u00e4nkung, Daten\u00fcbertragbarkeit, Widerruf und Widerspruch zu. Wenn du glaubst, dass die Verarbeitung deiner Daten gegen das Datenschutzrecht verst\u00f6\u00dft oder deine datenschutzrechtlichen Anspr\u00fcche sonst in einer Weise verletzt worden sind, kannst du dich bei der uns oder der Datenschutzbeh\u00f6rde beschweren.<\/p>\n<h2>Kontaktinformationen<\/h2>\n<p>Unsere Kontaktinformationen findest du <a href=\"https:\/\/www.trispoat.com\/trihome\/impressum\/\">hier<\/a>.<\/p>\n","protected":false},"excerpt":{"rendered":"<p>Welche personenbezogenen Daten wir sammeln und warum wir sie sammeln Kontaktformulare Wenn du unserem Verein beitreten m\u00f6chtest, verwende bitte das entsprechende Formular. Die Daten, die in diesem Formular erhoben werden, werden wir f\u00fcr unsere Mitgliederverwaltung speichern. Wenn du Kontakt zu uns aufnehmen m\u00f6chtest, wende dich bitte an die hier angegebene E-Mail-Adresse. Bitte beachte jedoch, dass<\/p>\n","protected":false},"author":30,"featured_media":0,"parent":0,"menu_order":0,"comment_status":"closed","ping_status":"closed","template":"","meta":{"footnotes":""},"tags":[],"class_list":["post-4719","page","type-page","status-publish","hentry"],"_links":{"self":[{"href":"https:\/\/www.trispoat.com\/trihome\/wp-json\/wp\/v2\/pages\/4719","targetHints":{"allow":["GET"]}}],"collection":[{"href":"https:\/\/www.trispoat.com\/trihome\/wp-json\/wp\/v2\/pages"}],"about":[{"href":"https:\/\/www.trispoat.com\/trihome\/wp-json\/wp\/v2\/types\/page"}],"author":[{"embeddable":true,"href":"https:\/\/www.trispoat.com\/trihome\/wp-json\/wp\/v2\/users\/30"}],"replies":[{"embeddable":true,"href":"https:\/\/www.trispoat.com\/trihome\/wp-json\/wp\/v2\/comments?post=4719"}],"version-history":[{"count":3,"href":"https:\/\/www.trispoat.com\/trihome\/wp-json\/wp\/v2\/pages\/4719\/revisions"}],"predecessor-version":[{"id":5230,"href":"https:\/\/www.trispoat.com\/trihome\/wp-json\/wp\/v2\/pages\/4719\/revisions\/5230"}],"wp:attachment":[{"href":"https:\/\/www.trispoat.com\/trihome\/wp-json\/wp\/v2\/media?parent=4719"}],"wp:term":[{"taxonomy":"post_tag","embeddable":true,"href":"https:\/\/www.trispoat.com\/trihome\/wp-json\/wp\/v2\/tags?post=4719"}],"curies":[{"name":"wp","href":"https:\/\/api.w.org\/{rel}","templated":true}]}}