{"id":3409,"date":"2015-10-04T08:15:51","date_gmt":"2015-10-04T06:15:51","guid":{"rendered":"http:\/\/www.trispoat.com\/trihome\/?page_id=3409"},"modified":"2019-01-20T11:21:43","modified_gmt":"2019-01-20T09:21:43","slug":"ehrenmitglieder","status":"publish","type":"page","link":"https:\/\/www.trispoat.com\/trihome\/ehrenmitglieder\/","title":{"rendered":"EHRENMITGLIEDER"},"content":{"rendered":"<p>Ehrenmitglieder sind per Definition Mitglieder eines Vereins, die aufgrund ihrer besonderen Verdienste f\u00fcr den Verein eigens\u00a0\u00a0geehrt werden, um ihnen besonderen Dank auszusprechen.<\/p>\n<p>Drei unserer &#8222;Gr\u00fcndungsv\u00e4ter&#8220;\u00a0verdienen diese Ehrung besonders, da sie den Grundstein f\u00fcr den heute sehr gro\u00dfen und sehr aktiven Verein gelegt haben. Der Sportverein Trispoat m\u00f6chte sich mit der\u00a0<em>Ehrenmitgliedschaft auf Lebenszeit<\/em> deshalb f\u00fcr die geleistete Arbeit bedanken. Danke Andreas, danke Christian, danke Alex!<\/p>\n<p>&nbsp;<\/p>\n<p><a href=\"https:\/\/www.trispoat.com\/trihome\/wp-content\/uploads\/2014\/09\/image.jpg\"><img loading=\"lazy\" decoding=\"async\" class=\"alignnone size-full wp-image-1666\" src=\"https:\/\/www.trispoat.com\/trihome\/wp-content\/uploads\/2014\/09\/image.jpg\" alt=\"image\" width=\"100\" height=\"130\" \/><\/a><\/p>\n<p>Andreas Stattmann<\/p>\n<p>&nbsp;<\/p>\n<p><a href=\"https:\/\/www.trispoat.com\/trihome\/wp-content\/uploads\/2014\/05\/21817team2551.jpg\"><img loading=\"lazy\" decoding=\"async\" class=\"alignnone size-full wp-image-1209\" src=\"https:\/\/www.trispoat.com\/trihome\/wp-content\/uploads\/2014\/05\/21817team2551.jpg\" alt=\"21817team2551\" width=\"100\" height=\"130\" \/><\/a><\/p>\n<p>Christian Muchitsch<\/p>\n<p>&nbsp;<\/p>\n<p><a href=\"https:\/\/www.trispoat.com\/trihome\/wp-content\/uploads\/2014\/02\/vorstand_alex_2015.png\"><img loading=\"lazy\" decoding=\"async\" class=\"alignnone wp-image-2159\" src=\"https:\/\/www.trispoat.com\/trihome\/wp-content\/uploads\/2014\/02\/vorstand_alex_2015.png\" alt=\"vorstand_alex_2015\" width=\"94\" height=\"150\" \/><\/a><\/p>\n<p>Alexander Zagorz<\/p>\n","protected":false},"excerpt":{"rendered":"<p>Ehrenmitglieder sind per Definition Mitglieder eines Vereins, die aufgrund ihrer besonderen Verdienste f\u00fcr den Verein eigens\u00a0\u00a0geehrt werden, um ihnen besonderen Dank auszusprechen. Drei unserer &#8222;Gr\u00fcndungsv\u00e4ter&#8220;\u00a0verdienen diese Ehrung besonders, da sie den Grundstein f\u00fcr den heute sehr gro\u00dfen und sehr aktiven Verein gelegt haben. Der Sportverein Trispoat m\u00f6chte sich mit der\u00a0Ehrenmitgliedschaft auf Lebenszeit deshalb f\u00fcr die<\/p>\n","protected":false},"author":30,"featured_media":0,"parent":0,"menu_order":0,"comment_status":"closed","ping_status":"closed","template":"page-grid.php","meta":{"footnotes":""},"tags":[],"class_list":["post-3409","page","type-page","status-publish","hentry"],"_links":{"self":[{"href":"https:\/\/www.trispoat.com\/trihome\/wp-json\/wp\/v2\/pages\/3409","targetHints":{"allow":["GET"]}}],"collection":[{"href":"https:\/\/www.trispoat.com\/trihome\/wp-json\/wp\/v2\/pages"}],"about":[{"href":"https:\/\/www.trispoat.com\/trihome\/wp-json\/wp\/v2\/types\/page"}],"author":[{"embeddable":true,"href":"https:\/\/www.trispoat.com\/trihome\/wp-json\/wp\/v2\/users\/30"}],"replies":[{"embeddable":true,"href":"https:\/\/www.trispoat.com\/trihome\/wp-json\/wp\/v2\/comments?post=3409"}],"version-history":[{"count":6,"href":"https:\/\/www.trispoat.com\/trihome\/wp-json\/wp\/v2\/pages\/3409\/revisions"}],"predecessor-version":[{"id":4745,"href":"https:\/\/www.trispoat.com\/trihome\/wp-json\/wp\/v2\/pages\/3409\/revisions\/4745"}],"wp:attachment":[{"href":"https:\/\/www.trispoat.com\/trihome\/wp-json\/wp\/v2\/media?parent=3409"}],"wp:term":[{"taxonomy":"post_tag","embeddable":true,"href":"https:\/\/www.trispoat.com\/trihome\/wp-json\/wp\/v2\/tags?post=3409"}],"curies":[{"name":"wp","href":"https:\/\/api.w.org\/{rel}","templated":true}]}}