{"id":26,"date":"2014-02-23T21:22:14","date_gmt":"2014-02-23T19:22:14","guid":{"rendered":"http:\/\/www.trispoat.com\/trihome\/?page_id=26"},"modified":"2021-08-17T21:08:02","modified_gmt":"2021-08-17T19:08:02","slug":"mitglied-werden","status":"publish","type":"page","link":"https:\/\/www.trispoat.com\/trihome\/mitglied-werden\/","title":{"rendered":"MITGLIED WERDEN"},"content":{"rendered":"<div id=\"wpmem_reg\"><a id=\"register\"><\/a><form name=\"form\" method=\"post\" action=\"https:\/\/www.trispoat.com\/trihome\/mitglied-werden\/\" id=\"wpmem_register_form\" class=\"form\"><input type=\"hidden\" id=\"_wpmem_register_nonce\" name=\"_wpmem_register_nonce\" value=\"8420453667\" \/><input type=\"hidden\" name=\"_wp_http_referer\" value=\"\/trihome\/wp-json\/wp\/v2\/pages\/26\" \/><fieldset><legend>Registrieren<\/legend><label for=\"username\" class=\"text\">Einen Benutzernamen ausw\u00e4hlen<span class=\"req\">*<\/span><\/label><div class=\"div_text\"><input name=\"username\" type=\"text\" id=\"username\" value=\"\" class=\"textbox\" required  \/><\/div><label for=\"first_name\" class=\"text\">Vorname<span class=\"req\">*<\/span><\/label><div class=\"div_text\"><input name=\"first_name\" type=\"text\" id=\"first_name\" value=\"\" class=\"textbox\" required  \/><\/div><label for=\"last_name\" class=\"text\">Nachname<span class=\"req\">*<\/span><\/label><div class=\"div_text\"><input name=\"last_name\" type=\"text\" id=\"last_name\" value=\"\" class=\"textbox\" required  \/><\/div><label for=\"newsletter\" class=\"radio\">Zustimmung Newsletter \/ SMS-Empfang<span class=\"req\">*<\/span><\/label><div class=\"div_radio\"><input type=\"radio\" name=\"newsletter\" id=\"newsletter_1\" value=\"newsletter_yes\" required > <label for=\"newsletter_1\" id=\"label_newsletter_1\" class=\"radio\">- Sportverein trispoat darf mich kontakieren<\/label><br \/><input type=\"radio\" name=\"newsletter\" id=\"newsletter_2\" value=\"newsletter_no\" required > <label for=\"newsletter_2\" id=\"label_newsletter_2\" class=\"radio\"> - Ich m\u00f6chte NICHT kontaktiert werden<\/label><br \/><\/div><label for=\"zustimmung_foto\" class=\"radio\">Zustimmung Foto\/Video<span class=\"req\">*<\/span><\/label><div class=\"div_radio\"><input type=\"radio\" name=\"zustimmung_foto\" id=\"zustimmung_foto_1\" value=\"fotos_yes\" required > <label for=\"zustimmung_foto_1\" id=\"label_zustimmung_foto_1\" class=\"radio\">- Fotos und Videos zum Zwecke der \u00d6ffentlichkeitsarbeit d\u00fcrfen gemacht werden<\/label><br \/><input type=\"radio\" name=\"zustimmung_foto\" id=\"zustimmung_foto_2\" value=\"fotos_no\" required > <label for=\"zustimmung_foto_2\" id=\"label_zustimmung_foto_2\" class=\"radio\"> - Fotos und Videos zum Zwecke der \u00d6ffentlichkeitsarbeit d\u00fcrfen NICHT gemacht werden<\/label><br \/><\/div><label for=\"addr1\" class=\"text\">Adresse<span class=\"req\">*<\/span><\/label><div class=\"div_text\"><input name=\"addr1\" type=\"text\" id=\"addr1\" value=\"\" class=\"textbox\" required  \/><\/div><label for=\"city\" class=\"text\">Ort<span class=\"req\">*<\/span><\/label><div class=\"div_text\"><input name=\"city\" type=\"text\" id=\"city\" value=\"\" class=\"textbox\" required  \/><\/div><label for=\"zip\" class=\"text\">PLZ<span class=\"req\">*<\/span><\/label><div class=\"div_text\"><input name=\"zip\" type=\"text\" id=\"zip\" value=\"\" class=\"textbox\" required  \/><\/div><label for=\"country\" class=\"text\">Land<span class=\"req\">*<\/span><\/label><div class=\"div_text\"><input name=\"country\" type=\"text\" id=\"country\" value=\"\" class=\"textbox\" required  \/><\/div><label for=\"phone1\" class=\"text\">Telefonnummer<span class=\"req\">*<\/span><\/label><div class=\"div_text\"><input name=\"phone1\" type=\"text\" id=\"phone1\" value=\"\" class=\"textbox\" required  \/><\/div><label for=\"user_email\" class=\"text\">E-Mail<span class=\"req\">*<\/span><\/label><div class=\"div_text\"><input name=\"user_email\" type=\"text\" id=\"user_email\" value=\"\" class=\"textbox\" required  \/><\/div><label for=\"user_geburtsdatum\" class=\"text\">Geburtsdatum<span class=\"req\">*<\/span><\/label><div class=\"div_text\"><input name=\"user_geburtsdatum\" type=\"text\" id=\"user_geburtsdatum\" value=\"\" class=\"textbox\" required  \/><\/div><div class=\"clear\"><\/div><div class=\"captcha\"><script src=\"https:\/\/www.google.com\/recaptcha\/api.js\" async defer><\/script><div class=\"g-recaptcha\" data-sitekey=\"6LfaW_0SAAAAAIDeOOF6EtVopUBUcKCaQ2QXkcho\"><\/div><\/div><input name=\"a\" type=\"hidden\" value=\"register\" \/><input name=\"wpmem_reg_page\" type=\"hidden\" value=\"https:\/\/www.trispoat.com\/trihome\/mitglied-werden\/\" \/><div class=\"button_div\"><input name=\"submit\" type=\"submit\" value=\"Registrieren\" class=\"buttons\" \/><\/div><div class=\"req-text\"><span class=\"req\">*<\/span>Ben\u00f6tigtes Feld<\/div><\/fieldset><\/form><\/div>\n<p><b>Hinweis:<\/b> Felder mit * m\u00fcssen ausgef\u00fcllt werden.<\/p>\n<p><b>Newsletter \/ Kontakt per SMS:<\/b>\u00a0Mit der Einverst\u00e4ndnis stimmst du dem Erhalt von vereinsinternen Neuigkeiten (Newsletter) und Informationen zu Trainingsveranstaltungen zu. Wenn du dem nicht zustimmst, werden wir dir keine Informationen zukommen lassen.<\/p>\n<p><strong>Nutzung von Bild- \/ Foto- \/ Videoaufnahmen:\u00a0<\/strong>Hiermit erkl\u00e4rst du dich damit einverstanden, dass w\u00e4hrend der Sport- bzw. Wettkampfaus\u00fcbung Foto- bzw. Videoaufnahmen von dir zum Zweck der \u00d6ffentlichkeitsarbeit des Vereins angefertigt, zu diesem Zweck eingesetzt und via Live-Stream (\u00dcbertragung \u00fcber das Internet zum Zeitpunkt der Aufnahmen, keine Speicherung), via Internet (jederzeit weltweit durch jedermann abrufbar) und in sozialen Medien (jederzeit weltweit durch jedermann abrufbar) ver\u00f6ffentlicht werden.\u00a0Aus dieser Zustimmung leitest du keine Rechte (z.B. Entgelt) ab. Diese Einverst\u00e4ndniserkl\u00e4rung ist jederzeit mit Wirkung f\u00fcr die Zukunft per E-Mail widerrufbar. Wenn du dem nicht zustimmst, werden wir keine Beitr\u00e4ge \u00fcber dich ver\u00f6ffentlichen.<\/p>\n<p><strong>Datenschutz:<\/strong> Die hier erhobenen Daten werden ausschlie\u00dflich zum Zwecke der Mitgliederverwaltung verarbeitet. Diese Daten werden, sofern daf\u00fcr keine rechtliche Grundlage, oder gesonderte Einverst\u00e4ndniserkl\u00e4rung vorliegt, nicht an dritte weitergegeben. Weitere Details findest du <a href=\"https:\/\/www.trispoat.com\/trihome\/datenschutzerklaerung\/\">hier<\/a>.<\/p>\n","protected":false},"excerpt":{"rendered":"<p>Hinweis: Felder mit * m\u00fcssen ausgef\u00fcllt werden. Newsletter \/ Kontakt per SMS:\u00a0Mit der Einverst\u00e4ndnis stimmst du dem Erhalt von vereinsinternen Neuigkeiten (Newsletter) und Informationen zu Trainingsveranstaltungen zu. Wenn du dem nicht zustimmst, werden wir dir keine Informationen zukommen lassen. Nutzung von Bild- \/ Foto- \/ Videoaufnahmen:\u00a0Hiermit erkl\u00e4rst du dich damit einverstanden, dass w\u00e4hrend der Sport-<\/p>\n","protected":false},"author":1,"featured_media":0,"parent":0,"menu_order":0,"comment_status":"closed","ping_status":"open","template":"page-half.php","meta":{"footnotes":""},"tags":[],"class_list":["post-26","page","type-page","status-publish","hentry"],"_links":{"self":[{"href":"https:\/\/www.trispoat.com\/trihome\/wp-json\/wp\/v2\/pages\/26","targetHints":{"allow":["GET"]}}],"collection":[{"href":"https:\/\/www.trispoat.com\/trihome\/wp-json\/wp\/v2\/pages"}],"about":[{"href":"https:\/\/www.trispoat.com\/trihome\/wp-json\/wp\/v2\/types\/page"}],"author":[{"embeddable":true,"href":"https:\/\/www.trispoat.com\/trihome\/wp-json\/wp\/v2\/users\/1"}],"replies":[{"embeddable":true,"href":"https:\/\/www.trispoat.com\/trihome\/wp-json\/wp\/v2\/comments?post=26"}],"version-history":[{"count":13,"href":"https:\/\/www.trispoat.com\/trihome\/wp-json\/wp\/v2\/pages\/26\/revisions"}],"predecessor-version":[{"id":4983,"href":"https:\/\/www.trispoat.com\/trihome\/wp-json\/wp\/v2\/pages\/26\/revisions\/4983"}],"wp:attachment":[{"href":"https:\/\/www.trispoat.com\/trihome\/wp-json\/wp\/v2\/media?parent=26"}],"wp:term":[{"taxonomy":"post_tag","embeddable":true,"href":"https:\/\/www.trispoat.com\/trihome\/wp-json\/wp\/v2\/tags?post=26"}],"curies":[{"name":"wp","href":"https:\/\/api.w.org\/{rel}","templated":true}]}}