{"id":20,"date":"2014-02-23T21:19:20","date_gmt":"2014-02-23T19:19:20","guid":{"rendered":"http:\/\/www.trispoat.com\/trihome\/?page_id=20"},"modified":"2016-11-23T21:01:59","modified_gmt":"2016-11-23T19:01:59","slug":"der-verein","status":"publish","type":"page","link":"https:\/\/www.trispoat.com\/trihome\/der-verein\/","title":{"rendered":"DER VEREIN"},"content":{"rendered":"<p><span style=\"color: #ef4136;\">WE ARE TRISPOAT<\/span><\/p>\n<p>trispoat ist ein Verein f\u00fcr triathlonbegeisterte Amateure. Gemeinsames Training und der Austausch gesammelter Erfahrungen soll den Sport f\u00fcr jeden Einzelnen noch interessanter machen.<\/p>\n<p><span style=\"color: #ef4136;\">UNSER MOTTO\u00a0IST\u00a0ES\u00a0GEMEINSAM SPASS\u00a0AM SPORT\u00a0ZU HABEN<\/span><\/p>\n<p>Wir wollen jedem die M\u00f6glichkeit geben gemeinsam mit uns den Sport zu erleben und auch Spass daran zu haben. Es ist egal, ob man schon Triathlon betrieben hat oder nicht.<\/p>\n<p><span style=\"color: #ef4136;\">GEMEINSAME TRAININGSEINHEITEN<\/span><\/p>\n<p>Das gemeinsame Training ist f\u00fcr alle Athleten sehr sehr wichtig. Denn wie wir wissen, ist es \u201cgemeinsam\u201d immer etwas leichter! Alle Informationen zu den Trainings findest Du in der Rubrik Training\/Treffs!<\/p>\n<p><span style=\"color: #ef4136;\">TRAININGSUNTERST\u00dcTZUNG<\/span><\/p>\n<p>Du m\u00f6chstest das erste Mal bei einem Triathlon oder Lauf mitmachen? Oder Dein Training strukturieren? Dann bist Du bei uns richtig. Gemeinsam ist die Vorbereitung wesentlich leichter. Du profitierst von unseren erfahrenen Mitgliedern, welche mit Rat und Tat zur Seite stehen.<\/p>\n<p><span style=\"color: #ef4136;\">TEAMGEIST<\/span><\/p>\n<p>Das Wort Teamgeist wird bei uns ganz gro\u00df geschrieben, denn unser Ziel ist es, dass wir uns gegenseitig unterst\u00fctzen. Das ist nicht nur in der Vorbereitung, sondern speziell bei Wettk\u00e4mpfen wichtig, wo man sich gegenseitig motiviert und anfeuert.<\/p>\n<p><span style=\"color: #ef4136;\">MELDE DICH BEI UNS UND LERNE UNS KENNEN!<\/span><\/p>\n<p>Du suchst einen Verein, wo Spass am Sport, Teamgeist und Zusammenhalt gelebt wird? Dann bist du bei uns richtig!<\/p>\n<p>Komm einfach einmal mit zu einem Training und lerne uns unverbindlich kennen!<\/p>\n<p><a href=\"https:\/\/www.trispoat.com\/trihome\/?page_id=80\">&gt;&gt; zum Kontaktformular<\/a><\/p>\n<p>&nbsp;<\/p>\n<p><span style=\"color: #ef4136;\">MITGLIEDSBEITR\u00c4GE<\/span><\/p>\n<p>Unsere Jahresbeitr\u00e4ge:<\/p>\n<p>Erwachsene: 55\u20ac<br \/>\nSch\u00fcler\/Studenten*: 45\u20ac<\/p>\n<p>Gerechnet wird von 1.1\u00a0bis 31.12 eines jeden Jahres.<\/p>\n<p>Nat\u00fcrlich kannst du jederzeit Mitglied werden, der Mitgliedsbeitrag wird dann anteilsm\u00e4\u00dfig verrechnet!<\/p>\n<p>* Studenten mit g\u00fcltigem Studentenausweis und bis zur Vollendung des 27ten Lebensjahr.<\/p>\n<p>&nbsp;<\/p>\n<p>Der SV trispoat ist ein eingetragener Verein und Mitglied des \u00d6sterreichischen\/K\u00e4rntner Triathlon-Verbandes!<\/p>\n","protected":false},"excerpt":{"rendered":"<p>WE ARE TRISPOAT trispoat ist ein Verein f\u00fcr triathlonbegeisterte Amateure. Gemeinsames Training und der Austausch gesammelter Erfahrungen soll den Sport f\u00fcr jeden Einzelnen noch interessanter machen. UNSER MOTTO\u00a0IST\u00a0ES\u00a0GEMEINSAM SPASS\u00a0AM SPORT\u00a0ZU HABEN Wir wollen jedem die M\u00f6glichkeit geben gemeinsam mit uns den Sport zu erleben und auch Spass daran zu haben. Es ist egal, ob man<\/p>\n","protected":false},"author":1,"featured_media":0,"parent":0,"menu_order":0,"comment_status":"closed","ping_status":"open","template":"page-grid.php","meta":{"footnotes":""},"tags":[],"class_list":["post-20","page","type-page","status-publish","hentry"],"_links":{"self":[{"href":"https:\/\/www.trispoat.com\/trihome\/wp-json\/wp\/v2\/pages\/20","targetHints":{"allow":["GET"]}}],"collection":[{"href":"https:\/\/www.trispoat.com\/trihome\/wp-json\/wp\/v2\/pages"}],"about":[{"href":"https:\/\/www.trispoat.com\/trihome\/wp-json\/wp\/v2\/types\/page"}],"author":[{"embeddable":true,"href":"https:\/\/www.trispoat.com\/trihome\/wp-json\/wp\/v2\/users\/1"}],"replies":[{"embeddable":true,"href":"https:\/\/www.trispoat.com\/trihome\/wp-json\/wp\/v2\/comments?post=20"}],"version-history":[{"count":60,"href":"https:\/\/www.trispoat.com\/trihome\/wp-json\/wp\/v2\/pages\/20\/revisions"}],"predecessor-version":[{"id":4444,"href":"https:\/\/www.trispoat.com\/trihome\/wp-json\/wp\/v2\/pages\/20\/revisions\/4444"}],"wp:attachment":[{"href":"https:\/\/www.trispoat.com\/trihome\/wp-json\/wp\/v2\/media?parent=20"}],"wp:term":[{"taxonomy":"post_tag","embeddable":true,"href":"https:\/\/www.trispoat.com\/trihome\/wp-json\/wp\/v2\/tags?post=20"}],"curies":[{"name":"wp","href":"https:\/\/api.w.org\/{rel}","templated":true}]}}